{"id":998,"date":"2019-12-01T10:25:29","date_gmt":"2019-12-01T10:25:29","guid":{"rendered":"http:\/\/www.rsh.schulnetz.hamm.de\/wp\/?page_id=998"},"modified":"2024-11-17T06:47:53","modified_gmt":"2024-11-17T06:47:53","slug":"foerderung","status":"publish","type":"page","link":"https:\/\/www.rsh.schulnetz.hamm.de\/wp\/foerderung\/","title":{"rendered":"F\u00f6rderung"},"content":{"rendered":"\t\t<div data-elementor-type=\"wp-page\" data-elementor-id=\"998\" class=\"elementor elementor-998\">\n\t\t\t\t<div class=\"elementor-element elementor-element-34fd7e9 e-flex e-con-boxed e-con e-parent\" data-id=\"34fd7e9\" data-element_type=\"container\">\n\t\t\t\t\t<div class=\"e-con-inner\">\n\t\t\t\t<div class=\"elementor-element elementor-element-50ccf6e elementor-widget elementor-widget-text-editor\" data-id=\"50ccf6e\" data-element_type=\"widget\" data-widget_type=\"text-editor.default\">\n\t\t\t\t<div class=\"elementor-widget-container\">\n\t\t\t\t\t\t\t\t\t<ul>\n<li>Die Realschule Heessen bem\u00fcht sich, jedes Kind zu f\u00f6rdern und zu fordern. Es soll sich an unserer Schule wohl f\u00fchlen und weitestgehend selbstst\u00e4ndig und mit Freude lernen. Es soll Lob und Anerkennung f\u00fcr Engagement und Leistung erfahren und stets Hilfe bei Problemen finden. Wir m\u00f6chten zum bestm\u00f6glichen Abschluss beitragen.<\/li>\n<\/ul>\n<ul>\n<li><strong>Differenzierter Unterricht<\/strong><\/li>\n<\/ul>\n<p>In jedem Fachunterricht finden binnendifferenzierte Unterrichtsabschnitte statt. Je nach Thema und didaktischem Schwerpunkt entscheidet die Lehrkraft, welche Unterrichtsform geeignet ist. So kommen Einzelarbeiten, kooperative Lernformen und Plenumsunterricht etc. mit differenzierten Aufgaben vor, die dazu geeignet sind, jedes Sch\u00fclerniveau individuell zu f\u00f6rdern.<\/p>\n<ul>\n<li><strong>Kooperative Lernformen<\/strong><\/li>\n<\/ul>\n<p>Bei den kooperativen Lernformen werden Gruppen gebildet, die \u00e4hnlich stark in ihrem Leistungsniveau sind und gleiche Aufgaben bew\u00e4ltigen. Sie erg\u00e4nzen sich und wenden ihr Wissen auf neue Problemstellungen an. Es werden auch Gruppen gebildet, die unterschiedliche Leistungen zeigen, in denen dann leistungsschw\u00e4chere Sch\u00fclerinnen und Sch\u00fcler von leistungsst\u00e4rkeren profitieren k\u00f6nnen.<\/p>\n<p>Dabei vertiefen die leistungsstarken Sch\u00fclerinnen und Sch\u00fcler ihr Wissen und ihre F\u00e4higkeiten und sichern es so nachhaltig. Bei diesen Lernformen \u00fcbernehmen die Kinder Verantwortung f\u00fcr ihren eigenen Leistungserfolg und auch f\u00fcr den der Mitsch\u00fclerinnen und Mitsch\u00fcler und arbeiten erst einzeln und dann im Team. Dies f\u00f6rdert die Kommunikationskompetenz nachhaltig.<\/p>\n<ul>\n<li><strong>F\u00f6rder- und Fordergruppen<\/strong><\/li>\n<\/ul>\n<p>Je nach Bedarf und Verf\u00fcgbarkeit von Lehrerstunden werden die Klassen in F\u00f6rder- und Fordergruppen zusammengefasst und bauen St\u00e4rken aus bzw. Schw\u00e4chen ab. Dies geschieht vor allem in den Hauptf\u00e4chern und findet in Jahrgangsstufen 5, 6 und 10 statt:<\/p>\n<ul>\n<li style=\"list-style-type: none;\">\n<ul>\n<li style=\"list-style-type: none;\">\n<ul>\n<li><strong>in den Jahrgangsstufe 5 und 6<\/strong> zum <strong>Abbau von Schw\u00e4chen<\/strong> mit dem Ziel, die Erprobungsstufe erfolgreich abzuschlie\u00dfen,<\/li>\n<li><strong>in der Jahrgangsstufe 10<\/strong> zur Vorbereitung auf die <strong>zentralen Pr\u00fcfungen<\/strong> in den Unterrichtsf\u00e4chern Mathematik, Deutsch und Englisch.<\/li>\n<\/ul>\n<\/li>\n<\/ul>\n<\/li>\n<\/ul>\n<ul>\n<li><strong>Projektorientierte Arbeitsformen<\/strong><\/li>\n<\/ul>\n<p>Die individuelle F\u00f6rderung mit Blick auf den sp\u00e4teren Beruf bildet einen Schwerpunkt in projektorientierten Arbeitsformen an unserer Schule. So k\u00f6nnen interessierte Sch\u00fclerinnen und Sch\u00fcler z. B. in den Projekten wie der Streitschlichtung soziale, methodische und fachliche Kompetenzen erwerben.<\/p>\n<p>Eine feste Einrichtung ist die Metall-AG mit ihren speziellen Anforderungen an die Teilnehmerinnen und Teilnehmer. Aus einfachen D\u00fcnnblechen werden mithilfe einer Laubs\u00e4ge praktische Schl\u00fcsselanh\u00e4nger gefertigt.&nbsp;<\/p>\n<p>Seit dem Schuljahr 2019\/20 existiert auch die Sch\u00fclerfirma \u201eJumboPoint\u201c, die Materialen f\u00fcr den t\u00e4glichen Schulbedarf f\u00fcr unsere Sch\u00fclerinnen und Sch\u00fcler bereith\u00e4lt, ebenso wie Essen und Trinken f\u00fcr die Pausenverpflegung. Zur Zeit ruht die Sch\u00fclerfirma.<\/p>\n<p><strong>&nbsp;<\/strong><\/p>\t\t\t\t\t\t\t\t<\/div>\n\t\t\t\t<\/div>\n\t\t\t\t\t<\/div>\n\t\t\t\t<\/div>\n\t\t\t\t<\/div>\n\t\t","protected":false},"excerpt":{"rendered":"<p>Die Realschule Heessen bem\u00fcht sich, jedes Kind zu f\u00f6rdern und zu fordern. Es soll sich an unserer Schule wohl f\u00fchlen und weitestgehend selbstst\u00e4ndig und<\/p>\n","protected":false},"author":1,"featured_media":0,"parent":0,"menu_order":0,"comment_status":"closed","ping_status":"closed","template":"","meta":{"footnotes":""},"class_list":["post-998","page","type-page","status-publish","hentry"],"_links":{"self":[{"href":"https:\/\/www.rsh.schulnetz.hamm.de\/wp\/wp-json\/wp\/v2\/pages\/998","targetHints":{"allow":["GET"]}}],"collection":[{"href":"https:\/\/www.rsh.schulnetz.hamm.de\/wp\/wp-json\/wp\/v2\/pages"}],"about":[{"href":"https:\/\/www.rsh.schulnetz.hamm.de\/wp\/wp-json\/wp\/v2\/types\/page"}],"author":[{"embeddable":true,"href":"https:\/\/www.rsh.schulnetz.hamm.de\/wp\/wp-json\/wp\/v2\/users\/1"}],"replies":[{"embeddable":true,"href":"https:\/\/www.rsh.schulnetz.hamm.de\/wp\/wp-json\/wp\/v2\/comments?post=998"}],"version-history":[{"count":8,"href":"https:\/\/www.rsh.schulnetz.hamm.de\/wp\/wp-json\/wp\/v2\/pages\/998\/revisions"}],"predecessor-version":[{"id":4239,"href":"https:\/\/www.rsh.schulnetz.hamm.de\/wp\/wp-json\/wp\/v2\/pages\/998\/revisions\/4239"}],"wp:attachment":[{"href":"https:\/\/www.rsh.schulnetz.hamm.de\/wp\/wp-json\/wp\/v2\/media?parent=998"}],"curies":[{"name":"wp","href":"https:\/\/api.w.org\/{rel}","templated":true}]}}