{"id":1007,"date":"2019-12-01T10:37:02","date_gmt":"2019-12-01T10:37:02","guid":{"rendered":"http:\/\/www.rsh.schulnetz.hamm.de\/wp\/?page_id=1007"},"modified":"2024-11-17T06:40:39","modified_gmt":"2024-11-17T06:40:39","slug":"wahlpflicht","status":"publish","type":"page","link":"https:\/\/www.rsh.schulnetz.hamm.de\/wp\/wahlpflicht\/","title":{"rendered":"Wahlpflicht"},"content":{"rendered":"\t\t<div data-elementor-type=\"wp-page\" data-elementor-id=\"1007\" class=\"elementor elementor-1007\">\n\t\t\t\t<div class=\"elementor-element elementor-element-5d36fb8 e-flex e-con-boxed e-con e-parent\" data-id=\"5d36fb8\" data-element_type=\"container\">\n\t\t\t\t\t<div class=\"e-con-inner\">\n\t\t\t\t<div class=\"elementor-element elementor-element-61d3878 elementor-widget elementor-widget-text-editor\" data-id=\"61d3878\" data-element_type=\"widget\" data-widget_type=\"text-editor.default\">\n\t\t\t\t<div class=\"elementor-widget-container\">\n\t\t\t\t\t\t\t\t\t<p>Das Wahlpflichtfach ist das vierte Hauptfach neben Deutsch, Englisch und Mathe.<br>Ab der Klasse 7 wird das Unterrichtsangebot durch den Wahlpflichtunterricht (kurz: WP) erg\u00e4nzt. Die Sch\u00fclerinnen und Sch\u00fcler k\u00f6nnen im Wahlpflichtbereich zwischen unterschiedlichen Schwerpunkten w\u00e4hlen. <br>Im gew\u00e4hlten Schwerpunktfach werden schriftliche Arbeiten geschrieben. Die Schwerpunktf\u00e4cher werden &#8211; neben Deutsch, Mathematik und Englisch &#8211; als viertes schriftliches Fach gewichtet und mit drei Wochenstunden unterrichtet.<\/p>\n<p>Unsere Schule bietet folgende F\u00e4cher im Wahlpflichtbereich an:<\/p>\n<p>&nbsp; <br><strong>Fremdsprachliche Schwerpunktsetzung:<\/strong><\/p>\n<p>&#8211; Franz\u00f6sisch<\/p>\n<p><strong>Gesellschaftliche Schwerpunktsetzung:<\/strong><\/p>\n<p>&#8211; Sozialwissenschaften<\/p>\n<p><strong>Sportwissenschaftliche Schwerpunktsetzung:<\/strong><\/p>\n<p>&#8211; Sport<\/p>\n<p><strong>Mathematisch-naturwissenschaftlich-technische Schwerpunktsetzung:<\/strong><\/p>\n<p>&#8211; Informatik<\/p>\n<p><span style=\"font-size: 15px;\">&#8211; Chemie<\/span><\/p>\n<p>&#8211; Biologie<\/p>\n<p><br><\/p>\n<p>Aufgrund der breiten Auswahl der w\u00e4hlbaren Wahlpflichtkurse kommen in einer Jahrgangsstufe nicht alle Wahlpflichtf\u00e4cher zu Stande. N\u00e4here Informationen gibt es beim Informationsabend f\u00fcr den Jahrgang 6 im Mai.<\/p>\n<p><\/p>\t\t\t\t\t\t\t\t<\/div>\n\t\t\t\t<\/div>\n\t\t\t\t\t<\/div>\n\t\t\t\t<\/div>\n\t\t\t\t<\/div>\n\t\t","protected":false},"excerpt":{"rendered":"<p>Das Wahlpflichtfach ist das vierte Hauptfach neben Deutsch, Englisch und Mathe.Ab der Klasse 7 wird das Unterrichtsangebot durch den Wahlpflichtunterricht (kurz: WP) erg\u00e4nzt. Die<\/p>\n","protected":false},"author":1,"featured_media":0,"parent":0,"menu_order":0,"comment_status":"closed","ping_status":"closed","template":"","meta":{"footnotes":""},"class_list":["post-1007","page","type-page","status-publish","hentry"],"_links":{"self":[{"href":"https:\/\/www.rsh.schulnetz.hamm.de\/wp\/wp-json\/wp\/v2\/pages\/1007","targetHints":{"allow":["GET"]}}],"collection":[{"href":"https:\/\/www.rsh.schulnetz.hamm.de\/wp\/wp-json\/wp\/v2\/pages"}],"about":[{"href":"https:\/\/www.rsh.schulnetz.hamm.de\/wp\/wp-json\/wp\/v2\/types\/page"}],"author":[{"embeddable":true,"href":"https:\/\/www.rsh.schulnetz.hamm.de\/wp\/wp-json\/wp\/v2\/users\/1"}],"replies":[{"embeddable":true,"href":"https:\/\/www.rsh.schulnetz.hamm.de\/wp\/wp-json\/wp\/v2\/comments?post=1007"}],"version-history":[{"count":15,"href":"https:\/\/www.rsh.schulnetz.hamm.de\/wp\/wp-json\/wp\/v2\/pages\/1007\/revisions"}],"predecessor-version":[{"id":4230,"href":"https:\/\/www.rsh.schulnetz.hamm.de\/wp\/wp-json\/wp\/v2\/pages\/1007\/revisions\/4230"}],"wp:attachment":[{"href":"https:\/\/www.rsh.schulnetz.hamm.de\/wp\/wp-json\/wp\/v2\/media?parent=1007"}],"curies":[{"name":"wp","href":"https:\/\/api.w.org\/{rel}","templated":true}]}}